{"id":12,"date":"2023-09-19T19:55:25","date_gmt":"2023-09-19T18:55:25","guid":{"rendered":"https:\/\/spundflasche-it.com\/?page_id=12"},"modified":"2024-02-16T10:03:35","modified_gmt":"2024-02-16T10:03:35","slug":"home","status":"publish","type":"page","link":"https:\/\/spundflasche-it.com\/","title":{"rendered":"home"},"content":{"rendered":"<p>[et_pb_section fb_built=&#8220;1&#8243; _builder_version=&#8220;4.22.1&#8243; _module_preset=&#8220;default&#8220; use_background_color_gradient=&#8220;on&#8220; background_color_gradient_direction=&#8220;91deg&#8220; background_color_gradient_stops=&#8220;rgba(29,32,33,0) 43%|#1d2021 100%&#8220; background_color_gradient_overlays_image=&#8220;on&#8220; background_image=&#8220;http:\/\/spundflasche-it.com\/wp-content\/uploads\/2024\/02\/spundflasche_background-scaled.jpg&#8220; background_last_edited=&#8220;on|phone&#8220; use_background_color_gradient_phone=&#8220;on&#8220; background_color_gradient_direction_phone=&#8220;180deg&#8220; background_color_gradient_stops_phone=&#8220;rgba(29,32,33,0) 21%|#1d2021 100%&#8220; global_colors_info=&#8220;{}&#8220;][et_pb_row column_structure=&#8220;1_2,1_2&#8243; make_equal=&#8220;on&#8220; _builder_version=&#8220;4.22.1&#8243; _module_preset=&#8220;default&#8220; max_width=&#8220;1144px&#8220; global_colors_info=&#8220;{}&#8220;][et_pb_column type=&#8220;1_2&#8243; _builder_version=&#8220;4.22.1&#8243; _module_preset=&#8220;default&#8220; global_colors_info=&#8220;{}&#8220;][et_pb_image src=&#8220;http:\/\/spundflasche-it.com\/wp-content\/uploads\/2024\/02\/qrcode_martin.png&#8220; title_text=&#8220;qrcode_martin&#8220; align=&#8220;center&#8220; _builder_version=&#8220;4.22.1&#8243; _module_preset=&#8220;default&#8220; width=&#8220;60%&#8220; animation_style=&#8220;zoom&#8220; animation_duration=&#8220;1400ms&#8220; animation_delay=&#8220;1400ms&#8220; animation_intensity_zoom=&#8220;4%&#8220; animation_starting_opacity=&#8220;100%&#8220; animation_speed_curve=&#8220;ease-out&#8220; animation_repeat=&#8220;loop&#8220; global_colors_info=&#8220;{}&#8220;][\/et_pb_image][\/et_pb_column][et_pb_column type=&#8220;1_2&#8243; _builder_version=&#8220;4.22.1&#8243; _module_preset=&#8220;default&#8220; global_colors_info=&#8220;{}&#8220;][et_pb_text _builder_version=&#8220;4.22.1&#8243; _module_preset=&#8220;default&#8220; header_font=&#8220;Assistant|700|||||||&#8220; header_text_align=&#8220;center&#8220; header_text_color=&#8220;#FFFFFF&#8220; header_font_size=&#8220;57px&#8220; header_letter_spacing=&#8220;9px&#8220; custom_margin_tablet=&#8220;&#8220; custom_margin_phone=&#8220;48px||||false|false&#8220; custom_margin_last_edited=&#8220;on|phone&#8220; header_font_size_tablet=&#8220;57px&#8220; header_font_size_phone=&#8220;35px&#8220; header_font_size_last_edited=&#8220;on|phone&#8220; global_colors_info=&#8220;{}&#8220;]<\/p>\n<h1>Spundflasche IT<\/h1>\n<p>[\/et_pb_text][et_pb_text content_tablet=&#8220;<\/p>\n<h1>Consulting<\/h1>\n<p>&#8220; content_phone=&#8220;<\/p>\n<h2>Consulting<\/h2>\n<p>&#8220; content_last_edited=&#8220;on|phone&#8220; _builder_version=&#8220;4.22.1&#8243; _module_preset=&#8220;default&#8220; header_font=&#8220;Assistant|700|||||||&#8220; header_text_align=&#8220;center&#8220; header_text_color=&#8220;#FFFFFF&#8220; header_font_size=&#8220;53px&#8220; header_letter_spacing=&#8220;9px&#8220; header_2_font=&#8220;|600|||||||&#8220; header_2_text_align=&#8220;center&#8220; header_2_text_color=&#8220;gcid-e8498610-b3c2-4cfc-b1ad-2a38672e8260&#8243; header_2_letter_spacing=&#8220;7px&#8220; custom_margin_tablet=&#8220;&#8220; custom_margin_phone=&#8220;-27px||||false|false&#8220; custom_margin_last_edited=&#8220;on|phone&#8220; header_font_size_tablet=&#8220;53px&#8220; header_font_size_phone=&#8220;37px&#8220; header_font_size_last_edited=&#8220;on|phone&#8220; global_colors_info=&#8220;{%22gcid-e8498610-b3c2-4cfc-b1ad-2a38672e8260%22:%91%22header_2_text_color%22%93}&#8220;]<\/p>\n<h1>Consulting<\/h1>\n<p>[\/et_pb_text][et_pb_button button_url=&#8220;https:\/\/linktr.ee\/martinspundflasche&#8220; button_text=&#8220;Kontakt&#8220; button_alignment=&#8220;center&#8220; _builder_version=&#8220;4.22.1&#8243; _module_preset=&#8220;default&#8220; custom_button=&#8220;on&#8220; button_text_color=&#8220;#000000&#8243; button_bg_color=&#8220;#f2f8fc&#8220; button_border_radius=&#8220;5px&#8220; button_icon=&#8220;&#xe010;||divi||400&#8243; global_colors_info=&#8220;{}&#8220;][\/et_pb_button][\/et_pb_column][\/et_pb_row][\/et_pb_section][et_pb_section fb_built=&#8220;1&#8243; _builder_version=&#8220;4.22.1&#8243; _module_preset=&#8220;default&#8220; background_color=&#8220;#f2f8fc&#8220; bottom_divider_flip=&#8220;vertical&#8220; global_colors_info=&#8220;{}&#8220;][et_pb_row column_structure=&#8220;1_2,1_2&#8243; use_custom_gutter=&#8220;on&#8220; gutter_width=&#8220;4&#8243; _builder_version=&#8220;4.22.1&#8243; _module_preset=&#8220;default&#8220; global_colors_info=&#8220;{}&#8220;][et_pb_column type=&#8220;1_2&#8243; _builder_version=&#8220;4.22.1&#8243; _module_preset=&#8220;default&#8220; global_colors_info=&#8220;{}&#8220;][et_pb_text _builder_version=&#8220;4.22.1&#8243; _module_preset=&#8220;default&#8220; header_font=&#8220;Assistant|700|||||||&#8220; header_text_align=&#8220;center&#8220; header_text_color=&#8220;#1d2021&#8243; header_font_size=&#8220;53px&#8220; header_letter_spacing=&#8220;9px&#8220; header_font_size_tablet=&#8220;53px&#8220; header_font_size_phone=&#8220;48px&#8220; header_font_size_last_edited=&#8220;on|phone&#8220; global_colors_info=&#8220;{}&#8220;]<\/p>\n<h1>Webdesign<\/h1>\n<p>[\/et_pb_text][et_pb_text _builder_version=&#8220;4.22.1&#8243; _module_preset=&#8220;default&#8220; text_font=&#8220;||||||||&#8220; text_font_size=&#8220;17px&#8220; text_letter_spacing=&#8220;1px&#8220; text_line_height=&#8220;28.2px&#8220; text_orientation=&#8220;center&#8220; global_colors_info=&#8220;{}&#8220;]<\/p>\n<p><span>Willkommen bei Spundflasche IT, Ihrem Experten f\u00fcr beeindruckendes Webdesign. Als Freelancer gestalte ich ma\u00dfgeschneiderte, \u00e4sthetisch ansprechende und benutzerfreundliche Webseiten, die Ihre Marke optimal repr\u00e4sentieren. Lassen Sie uns gemeinsam Ihre digitale Pr\u00e4senz auf das n\u00e4chste Level heben. Kontaktieren Sie mich f\u00fcr eine unverbindliche Beratung und starten Sie noch heute Ihr individuelles Webprojekt.<\/span><\/p>\n<p>[\/et_pb_text][et_pb_button button_url=&#8220;https:\/\/linktr.ee\/martinspundflasche&#8220; button_text=&#8220;Kontakt aufnehmen&#8220; button_alignment=&#8220;center&#8220; _builder_version=&#8220;4.22.1&#8243; _module_preset=&#8220;default&#8220; custom_button=&#8220;on&#8220; button_text_color=&#8220;#F2F8FC&#8220; button_bg_color=&#8220;#1d2021&#8243; button_border_radius=&#8220;5px&#8220; button_icon=&#8220;&#xf0e0;||fa||400&#8243; global_colors_info=&#8220;{}&#8220;][\/et_pb_button][\/et_pb_column][et_pb_column type=&#8220;1_2&#8243; _builder_version=&#8220;4.22.1&#8243; _module_preset=&#8220;default&#8220; global_colors_info=&#8220;{}&#8220;][et_pb_image src=&#8220;http:\/\/spundflasche-it.com\/wp-content\/uploads\/2024\/02\/webdesign.png&#8220; title_text=&#8220;webdesign&#8220; _builder_version=&#8220;4.22.1&#8243; _module_preset=&#8220;default&#8220; global_colors_info=&#8220;{}&#8220;][\/et_pb_image][\/et_pb_column][\/et_pb_row][et_pb_row _builder_version=&#8220;4.22.1&#8243; _module_preset=&#8220;default&#8220; global_colors_info=&#8220;{}&#8220;][et_pb_column type=&#8220;4_4&#8243; _builder_version=&#8220;4.22.1&#8243; _module_preset=&#8220;default&#8220; global_colors_info=&#8220;{}&#8220;][et_pb_text _builder_version=&#8220;4.22.1&#8243; _module_preset=&#8220;default&#8220; header_font=&#8220;Assistant|700|||||||&#8220; header_text_align=&#8220;center&#8220; header_text_color=&#8220;#1d2021&#8243; header_font_size=&#8220;40px&#8220; header_letter_spacing=&#8220;9px&#8220; global_colors_info=&#8220;{}&#8220;]<\/p>\n<h1>Projekte<\/h1>\n<p>[\/et_pb_text][\/et_pb_column][\/et_pb_row][et_pb_row column_structure=&#8220;1_4,1_4,1_4,1_4&#8243; make_equal=&#8220;on&#8220; _builder_version=&#8220;4.22.1&#8243; _module_preset=&#8220;default&#8220; global_colors_info=&#8220;{}&#8220;][et_pb_column type=&#8220;1_4&#8243; _builder_version=&#8220;4.22.1&#8243; _module_preset=&#8220;default&#8220; global_colors_info=&#8220;{}&#8220;][et_pb_image src=&#8220;http:\/\/spundflasche-it.com\/wp-content\/uploads\/2024\/02\/astimpfl_logo_3_black-1.png&#8220; title_text=&#8220;astimpfl_logo_3_black-1&#8243; url=&#8220;https:\/\/august-stimpfl-maennerbilder.at\/&#8220; url_new_window=&#8220;on&#8220; _builder_version=&#8220;4.22.1&#8243; _module_preset=&#8220;default&#8220; global_colors_info=&#8220;{}&#8220;][\/et_pb_image][et_pb_text _builder_version=&#8220;4.22.1&#8243; _module_preset=&#8220;default&#8220; global_colors_info=&#8220;{}&#8220;]<\/p>\n<p style=\"text-align: center;\">August Stimpfl M\u00e4nnerbilder<\/p>\n<p>[\/et_pb_text][\/et_pb_column][et_pb_column type=&#8220;1_4&#8243; _builder_version=&#8220;4.22.1&#8243; _module_preset=&#8220;default&#8220; global_colors_info=&#8220;{}&#8220;][et_pb_image src=&#8220;http:\/\/spundflasche-it.com\/wp-content\/uploads\/2024\/02\/cropped-cropped-JHP2022-webseite-1.png&#8220; title_text=&#8220;cropped-cropped-JHP2022-webseite-1&#8243; url=&#8220;https:\/\/akademie.juttahaupt-partner.de\/&#8220; url_new_window=&#8220;on&#8220; align=&#8220;center&#8220; _builder_version=&#8220;4.22.1&#8243; _module_preset=&#8220;default&#8220; width=&#8220;26%&#8220; global_colors_info=&#8220;{}&#8220;][\/et_pb_image][et_pb_text _builder_version=&#8220;4.22.1&#8243; _module_preset=&#8220;default&#8220; global_colors_info=&#8220;{}&#8220;]<\/p>\n<p style=\"text-align: center;\">Akademie Jutta Haupt<\/p>\n<p>[\/et_pb_text][\/et_pb_column][et_pb_column type=&#8220;1_4&#8243; _builder_version=&#8220;4.22.1&#8243; _module_preset=&#8220;default&#8220; global_colors_info=&#8220;{}&#8220;][et_pb_image src=&#8220;http:\/\/spundflasche-it.com\/wp-content\/uploads\/2024\/02\/cropped-cropped-47FDBD15-611B-4EFF-99BF-38E78DDDCE62-1.png&#8220; title_text=&#8220;cropped-cropped-47FDBD15-611B-4EFF-99BF-38E78DDDCE62-1&#8243; url=&#8220;https:\/\/rheinblick-rheinsteig.de\/&#8220; url_new_window=&#8220;on&#8220; align=&#8220;center&#8220; _builder_version=&#8220;4.22.1&#8243; _module_preset=&#8220;default&#8220; width=&#8220;34%&#8220; global_colors_info=&#8220;{}&#8220;][\/et_pb_image][et_pb_text _builder_version=&#8220;4.22.1&#8243; _module_preset=&#8220;default&#8220; global_colors_info=&#8220;{}&#8220;]<\/p>\n<p style=\"text-align: center;\">Rheinblick am Rheinsteig<\/p>\n<p>[\/et_pb_text][\/et_pb_column][et_pb_column type=&#8220;1_4&#8243; _builder_version=&#8220;4.22.1&#8243; _module_preset=&#8220;default&#8220; global_colors_info=&#8220;{}&#8220;][et_pb_image src=&#8220;http:\/\/spundflasche-it.com\/wp-content\/uploads\/2024\/02\/titel-1536&#215;203-1.png&#8220; title_text=&#8220;titel-1536&#215;203&#8243; url=&#8220;https:\/\/magdalenapircher.de\/&#8220; url_new_window=&#8220;on&#8220; align=&#8220;center&#8220; _builder_version=&#8220;4.22.1&#8243; _module_preset=&#8220;default&#8220; global_colors_info=&#8220;{}&#8220;][\/et_pb_image][et_pb_text _builder_version=&#8220;4.22.1&#8243; _module_preset=&#8220;default&#8220; global_colors_info=&#8220;{}&#8220;]<\/p>\n<p style=\"text-align: center;\">Magdalena Pircher<\/p>\n<p>[\/et_pb_text][\/et_pb_column][\/et_pb_row][\/et_pb_section][et_pb_section fb_built=&#8220;1&#8243; _builder_version=&#8220;4.22.1&#8243; _module_preset=&#8220;default&#8220; background_color=&#8220;#1d2021&#8243; global_colors_info=&#8220;{}&#8220;][et_pb_row column_structure=&#8220;1_2,1_2&#8243; _builder_version=&#8220;4.22.1&#8243; _module_preset=&#8220;default&#8220; global_colors_info=&#8220;{}&#8220;][et_pb_column type=&#8220;1_2&#8243; _builder_version=&#8220;4.22.1&#8243; _module_preset=&#8220;default&#8220; global_colors_info=&#8220;{}&#8220;][et_pb_image src=&#8220;http:\/\/spundflasche-it.com\/wp-content\/uploads\/2024\/02\/software.png&#8220; title_text=&#8220;software&#8220; _builder_version=&#8220;4.22.1&#8243; _module_preset=&#8220;default&#8220; global_colors_info=&#8220;{}&#8220;][\/et_pb_image][\/et_pb_column][et_pb_column type=&#8220;1_2&#8243; _builder_version=&#8220;4.22.1&#8243; _module_preset=&#8220;default&#8220; global_colors_info=&#8220;{}&#8220;][et_pb_text _builder_version=&#8220;4.22.1&#8243; _module_preset=&#8220;default&#8220; header_font=&#8220;Assistant|700|||||||&#8220; header_text_align=&#8220;center&#8220; header_text_color=&#8220;#F2F8FC&#8220; header_font_size=&#8220;53px&#8220; header_letter_spacing=&#8220;9px&#8220; global_colors_info=&#8220;{}&#8220;]<\/p>\n<h1>Software Development<\/h1>\n<p>[\/et_pb_text][et_pb_text _builder_version=&#8220;4.22.1&#8243; _module_preset=&#8220;default&#8220; text_font=&#8220;||||||||&#8220; text_text_color=&#8220;#F2F8FC&#8220; text_font_size=&#8220;17px&#8220; text_letter_spacing=&#8220;1px&#8220; text_line_height=&#8220;28.2px&#8220; text_orientation=&#8220;center&#8220; global_colors_info=&#8220;{}&#8220;]<\/p>\n<p><span>Mit umfassendem Know-how in JavaScript, Java, TypeScript, C# und C++ stehe ich Ihnen als Experte f\u00fcr ma\u00dfgeschneiderte Softwareentwicklung zur Verf\u00fcgung \u2013 von der Konzeption bis zur Umsetzung. Auftr\u00e4ge f\u00fcr Software Development werden exklusiv \u00fcber meinen Partner, die Beratungspartner GmbH, abgewickelt. Diese strategische Zusammenarbeit erm\u00f6glicht eine effiziente Umsetzung Ihrer Projekte durch die geb\u00fcndelte Expertise beider Unternehmen. Wenn Sie nach hochwertiger Softwareentwicklung suchen, bin ich bereit, Ihre digitalen Ideen gemeinsam zum Leben zu erwecken. Bei Fragen oder Interesse stehe ich Ihnen gerne zur Verf\u00fcgung.<\/span><\/p>\n<p>[\/et_pb_text][et_pb_image src=&#8220;http:\/\/spundflasche-it.com\/wp-content\/uploads\/2024\/02\/Outlook-qmcskhr1.png&#8220; title_text=&#8220;Outlook-qmcskhr1&#8243; url=&#8220;https:\/\/www.beratungspartner-gmbh.de&#8220; url_new_window=&#8220;on&#8220; _builder_version=&#8220;4.22.1&#8243; _module_preset=&#8220;default&#8220; width=&#8220;72%&#8220; module_alignment=&#8220;center&#8220; global_colors_info=&#8220;{}&#8220;][\/et_pb_image][\/et_pb_column][\/et_pb_row][et_pb_row _builder_version=&#8220;4.22.1&#8243; _module_preset=&#8220;default&#8220; custom_padding=&#8220;69px|||||&#8220; global_colors_info=&#8220;{}&#8220;][et_pb_column type=&#8220;4_4&#8243; _builder_version=&#8220;4.22.1&#8243; _module_preset=&#8220;default&#8220; global_colors_info=&#8220;{}&#8220;][et_pb_text _builder_version=&#8220;4.22.1&#8243; _module_preset=&#8220;default&#8220; header_font=&#8220;Assistant|700|||||||&#8220; header_text_align=&#8220;center&#8220; header_text_color=&#8220;gcid-e8498610-b3c2-4cfc-b1ad-2a38672e8260&#8243; header_font_size=&#8220;40px&#8220; header_letter_spacing=&#8220;9px&#8220; min_height=&#8220;39px&#8220; custom_margin=&#8220;||-12px|||&#8220; custom_padding=&#8220;||21px|||&#8220; global_colors_info=&#8220;{%22gcid-e8498610-b3c2-4cfc-b1ad-2a38672e8260%22:%91%22header_text_color%22%93}&#8220;]<\/p>\n<h1>Kunden<\/h1>\n<p>[\/et_pb_text][\/et_pb_column][\/et_pb_row][et_pb_row column_structure=&#8220;1_3,1_3,1_3&#8243; make_equal=&#8220;on&#8220; _builder_version=&#8220;4.22.1&#8243; _module_preset=&#8220;default&#8220; custom_margin=&#8220;-2px|auto||auto|false|false&#8220; global_colors_info=&#8220;{}&#8220;][et_pb_column type=&#8220;1_3&#8243; _builder_version=&#8220;4.22.1&#8243; _module_preset=&#8220;default&#8220; global_colors_info=&#8220;{}&#8220;][et_pb_image src=&#8220;http:\/\/spundflasche-it.com\/wp-content\/uploads\/2024\/02\/01_fi-Logo.jpg&#8220; title_text=&#8220;01_fi-Logo&#8220; url=&#8220;https:\/\/www.f-i.de\/&#8220; url_new_window=&#8220;on&#8220; _builder_version=&#8220;4.22.1&#8243; _module_preset=&#8220;default&#8220; width=&#8220;46%&#8220; module_alignment=&#8220;center&#8220; hover_enabled=&#8220;0&#8243; global_colors_info=&#8220;{}&#8220; border_radii=&#8220;on|3px|3px|3px|3px&#8220; sticky_enabled=&#8220;0&#8243;][\/et_pb_image][et_pb_text _builder_version=&#8220;4.22.1&#8243; _module_preset=&#8220;default&#8220; background_layout=&#8220;dark&#8220; global_colors_info=&#8220;{}&#8220;]<\/p>\n<p style=\"text-align: center;\">Finanzinformatik<\/p>\n<p>[\/et_pb_text][\/et_pb_column][et_pb_column type=&#8220;1_3&#8243; _builder_version=&#8220;4.22.1&#8243; _module_preset=&#8220;default&#8220; global_colors_info=&#8220;{}&#8220;][et_pb_image src=&#8220;http:\/\/spundflasche-it.com\/wp-content\/uploads\/2024\/02\/dp-logo-image-text-varianten-1.png&#8220; title_text=&#8220;dp-logo-image-text-varianten-1&#8243; url=&#8220;https:\/\/www.deutschepost.de\/de.html&#8220; url_new_window=&#8220;on&#8220; align=&#8220;center&#8220; _builder_version=&#8220;4.22.1&#8243; _module_preset=&#8220;default&#8220; width=&#8220;34%&#8220; hover_enabled=&#8220;0&#8243; global_colors_info=&#8220;{}&#8220; border_radii=&#8220;on|3px|3px|3px|3px&#8220; sticky_enabled=&#8220;0&#8243;][\/et_pb_image][et_pb_text _builder_version=&#8220;4.22.1&#8243; _module_preset=&#8220;default&#8220; background_layout=&#8220;dark&#8220; global_colors_info=&#8220;{}&#8220;]<\/p>\n<p style=\"text-align: center;\">Deutsche Post DHL<\/p>\n<p>[\/et_pb_text][\/et_pb_column][et_pb_column type=&#8220;1_3&#8243; _builder_version=&#8220;4.22.1&#8243; _module_preset=&#8220;default&#8220; global_colors_info=&#8220;{}&#8220;][et_pb_image src=&#8220;http:\/\/spundflasche-it.com\/wp-content\/uploads\/2024\/02\/logo.png&#8220; title_text=&#8220;logo&#8220; url=&#8220;https:\/\/www.stephan-gmbh.com\/&#8220; url_new_window=&#8220;on&#8220; align=&#8220;center&#8220; _builder_version=&#8220;4.22.1&#8243; _module_preset=&#8220;default&#8220; background_color=&#8220;#FFFFFF&#8220; width=&#8220;50%&#8220; hover_enabled=&#8220;0&#8243; global_colors_info=&#8220;{}&#8220; sticky_enabled=&#8220;0&#8243;][\/et_pb_image][et_pb_text _builder_version=&#8220;4.22.1&#8243; _module_preset=&#8220;default&#8220; background_layout=&#8220;dark&#8220; global_colors_info=&#8220;{}&#8220;]<\/p>\n<p style=\"text-align: center;\">Firtz Stephan GmbH<\/p>\n<p>[\/et_pb_text][\/et_pb_column][\/et_pb_row][\/et_pb_section][et_pb_section fb_built=&#8220;1&#8243; _builder_version=&#8220;4.22.1&#8243; _module_preset=&#8220;default&#8220; background_color=&#8220;#f2f8fc&#8220; bottom_divider_flip=&#8220;vertical&#8220; global_colors_info=&#8220;{}&#8220;][et_pb_row column_structure=&#8220;1_2,1_2&#8243; use_custom_gutter=&#8220;on&#8220; gutter_width=&#8220;4&#8243; _builder_version=&#8220;4.22.1&#8243; _module_preset=&#8220;default&#8220; global_colors_info=&#8220;{}&#8220;][et_pb_column type=&#8220;1_2&#8243; _builder_version=&#8220;4.22.1&#8243; _module_preset=&#8220;default&#8220; global_colors_info=&#8220;{}&#8220;][et_pb_text _builder_version=&#8220;4.22.1&#8243; _module_preset=&#8220;default&#8220; header_font=&#8220;Assistant|700|||||||&#8220; header_text_align=&#8220;center&#8220; header_text_color=&#8220;#1d2021&#8243; header_font_size=&#8220;53px&#8220; header_letter_spacing=&#8220;9px&#8220; global_colors_info=&#8220;{}&#8220;]<\/p>\n<h1>Gamedesign<\/h1>\n<p>[\/et_pb_text][et_pb_text _builder_version=&#8220;4.22.1&#8243; _module_preset=&#8220;default&#8220; text_font=&#8220;||||||||&#8220; text_font_size=&#8220;17px&#8220; text_letter_spacing=&#8220;1px&#8220; text_line_height=&#8220;28.2px&#8220; text_orientation=&#8220;center&#8220; global_colors_info=&#8220;{}&#8220;]<\/p>\n<p><span>Tauchen Sie ein in die Welt des Gamedesigns! Als erfahrener Gamedesigner kreiere ich einzigartige Spiele, die nicht nur unterhalten, sondern auch Geschichten erz\u00e4hlen und Emotionen wecken. Vom pr\u00e4zisen Level-Design bis zur detailverliebten Charakterentwicklung strebe ich danach, fesselnde Spielerlebnisse zu gestalten, in denen \u00c4sthetik, Interaktivit\u00e4t und ansprechendes Gameplay harmonisch verschmelzen.<\/span><\/p>\n<p>[\/et_pb_text][et_pb_text _builder_version=&#8220;4.22.1&#8243; _module_preset=&#8220;default&#8220; header_font=&#8220;Assistant|700|||||||&#8220; header_text_align=&#8220;center&#8220; header_text_color=&#8220;#1d2021&#8243; header_font_size=&#8220;40px&#8220; header_letter_spacing=&#8220;9px&#8220; global_colors_info=&#8220;{}&#8220;]<\/p>\n<h1>Coming soon&#8230;<\/h1>\n<p>[\/et_pb_text][\/et_pb_column][et_pb_column type=&#8220;1_2&#8243; _builder_version=&#8220;4.22.1&#8243; _module_preset=&#8220;default&#8220; global_colors_info=&#8220;{}&#8220;][et_pb_image src=&#8220;http:\/\/spundflasche-it.com\/wp-content\/uploads\/2024\/02\/gamedesign.png&#8220; title_text=&#8220;gamedesign&#8220; _builder_version=&#8220;4.22.1&#8243; _module_preset=&#8220;default&#8220; global_colors_info=&#8220;{}&#8220;][\/et_pb_image][\/et_pb_column][\/et_pb_row][\/et_pb_section]<\/p>\n","protected":false},"excerpt":{"rendered":"<p>Spundflasche ITConsultingWebdesignWillkommen bei Spundflasche IT, Ihrem Experten f\u00fcr beeindruckendes Webdesign. Als Freelancer gestalte ich ma\u00dfgeschneiderte, \u00e4sthetisch ansprechende und benutzerfreundliche Webseiten, die Ihre Marke optimal repr\u00e4sentieren. Lassen Sie uns gemeinsam Ihre digitale Pr\u00e4senz auf das n\u00e4chste Level heben. Kontaktieren Sie mich f\u00fcr eine unverbindliche Beratung und starten Sie noch heute Ihr individuelles Webprojekt.ProjekteAugust Stimpfl M\u00e4nnerbilderAkademie Jutta [&hellip;]<\/p>\n","protected":false},"author":1,"featured_media":0,"parent":0,"menu_order":0,"comment_status":"closed","ping_status":"closed","template":"","meta":{"_et_pb_use_builder":"on","_et_pb_old_content":"<!-- wp:divi\/placeholder \/-->","_et_gb_content_width":"","footnotes":""},"_links":{"self":[{"href":"https:\/\/spundflasche-it.com\/index.php\/wp-json\/wp\/v2\/pages\/12"}],"collection":[{"href":"https:\/\/spundflasche-it.com\/index.php\/wp-json\/wp\/v2\/pages"}],"about":[{"href":"https:\/\/spundflasche-it.com\/index.php\/wp-json\/wp\/v2\/types\/page"}],"author":[{"embeddable":true,"href":"https:\/\/spundflasche-it.com\/index.php\/wp-json\/wp\/v2\/users\/1"}],"replies":[{"embeddable":true,"href":"https:\/\/spundflasche-it.com\/index.php\/wp-json\/wp\/v2\/comments?post=12"}],"version-history":[{"count":28,"href":"https:\/\/spundflasche-it.com\/index.php\/wp-json\/wp\/v2\/pages\/12\/revisions"}],"predecessor-version":[{"id":83,"href":"https:\/\/spundflasche-it.com\/index.php\/wp-json\/wp\/v2\/pages\/12\/revisions\/83"}],"wp:attachment":[{"href":"https:\/\/spundflasche-it.com\/index.php\/wp-json\/wp\/v2\/media?parent=12"}],"curies":[{"name":"wp","href":"https:\/\/api.w.org\/{rel}","templated":true}]}}